{"id":65,"date":"2025-10-15T11:42:30","date_gmt":"2025-10-15T11:42:30","guid":{"rendered":"https:\/\/114fit.com\/?page_id=65"},"modified":"2025-10-15T12:20:06","modified_gmt":"2025-10-15T12:20:06","slug":"estudiocorporal_em","status":"publish","type":"page","link":"https:\/\/114fit.com\/index.php\/estudiocorporal_em\/","title":{"rendered":"FORM_1_EVA MARIN"},"content":{"rendered":"<div id=\"sp-page\" class=\"spBgcover sp-content-1\" style=\"background-color: rgb(255, 255, 255); font-family: Poppins, sans-serif; font-weight: 400;\">\n<section id=\"sp-ri2v48\" data-mobile-visibility=\"#sp-ri2v48|false\" data-tablet-visibility=\"#sp-ri2v48|false\" data-desktop-visibility=\"#sp-ri2v48|false\" data-mobile-css=\"\" data-tablet-css=\"\" class=\"sp-el-section  spBgfull\" style=\"background-image: linear-gradient(0deg, rgba(217, 142, 139, 0), rgba(217, 142, 139, 0)), url('https:\/\/assets.seedprod.com\/group-copy-4.jpg'); background-color: rgb(217, 142, 139); width: 100%; max-width: 100%; padding: 10px;\">\n<div id=\"sp-f48337\" data-mobile-visibility=\"#sp-f48337|false\" data-tablet-visibility=\"#sp-f48337|false\" data-desktop-visibility=\"#sp-f48337|false\" data-mobile-css=\"\" data-tablet-css=\"\" class=\"sp-el-row sp-w-full  sp-m-auto sm:sp-flex sp-justify-between\" style=\"padding: 0px; width: auto; max-width: 1000px;\">\n<div id=\"sp-ocbipu\" data-mobile-visibility=\"#sp-ocbipu|false\" data-tablet-visibility=\"#sp-ocbipu|false\" data-desktop-visibility=\"#sp-ocbipu|false\" data-mobile-css=\"\" data-tablet-css=\"\" class=\"sp-el-col  sp-w-full\" style=\"width: calc(100% + 0px);\"><span href=\"\" target=\"\" rel=\"\" class=\"sp-header-block-link\" style=\"text-decoration: none;\"><\/p>\n<h1 id=\"sp-vg2cvc\" data-mobile-css=\".sp-headline-block-vg2cvc, #sp-vg2cvc, #vg2cvc|text-align:center;\" data-tablet-css=\".sp-headline-block-vg2cvc, #sp-vg2cvc, #vg2cvc|text-align:center;\" data-mobile-visibility=\".sp-headline-block-vg2cvc|false\" data-tablet-visibility=\".sp-headline-block-vg2cvc|false\" data-desktop-visibility=\".sp-headline-block-vg2cvc|false\" class=\"sp-css-target sp-el-block sp-headline-block-vg2cvc sp-type-header\" style=\"font-size: 92px; text-align: center; margin: 323px 0px 0px;\">bienvenid@ a 114fit<\/h1>\n<p><\/span><\/div>\n<\/div>\n<\/section>\n<section id=\"sp-nvqo7g\" data-mobile-visibility=\"#sp-nvqo7g|false\" data-tablet-visibility=\"#sp-nvqo7g|false\" data-desktop-visibility=\"#sp-nvqo7g|false\" data-mobile-css=\"\" data-tablet-css=\"\" class=\"sp-el-section \" style=\"width: 100%; max-width: 100%; padding: 10px; margin-top: 80px;\">\n<div id=\"sp-ek42xo\" data-mobile-visibility=\"#sp-ek42xo|false\" data-tablet-visibility=\"#sp-ek42xo|false\" data-desktop-visibility=\"#sp-ek42xo|false\" data-mobile-css=\"\" data-tablet-css=\"\" class=\"sp-el-row sp-w-full  sp-m-auto sm:sp-flex sp-justify-between\" style=\"padding: 0px; width: auto; max-width: 1000px;\">\n<div id=\"sp-mylas8\" data-mobile-visibility=\"#sp-mylas8|false\" data-tablet-visibility=\"#sp-mylas8|false\" data-desktop-visibility=\"#sp-mylas8|false\" data-mobile-css=\"\" data-tablet-css=\"\" class=\"sp-el-col  sp-w-full\" style=\"width: calc(50% + 0px);\">\n<figure id=\"sp-g5yeva\" data-mobile-css=\"#sp-g5yeva|text-align:center;\" data-tablet-css=\"#sp-g5yeva|text-align:center;\" class=\"sp-image-wrapper sp-el-block\" style=\"margin: 0px; text-align: center;\">\n<div><span><img loading=\"lazy\" decoding=\"async\" src=\"https:\/\/114fit.com\/wp-content\/uploads\/2024\/07\/27.jpg\" alt=\"\" width=\"1410\" height=\"2000\" data-dynamic-tag=\"\" data-image-src=\"wpmedia\" data-mobile-visibility=\".sp-image-block-g5yeva|false\" data-tablet-visibility=\".sp-image-block-g5yeva|false\" data-desktop-visibility=\".sp-image-block-g5yeva|false\" srcset=\" https:\/\/114fit.com\/wp-content\/uploads\/2024\/07\/27-150x150.jpg 150w, https:\/\/114fit.com\/wp-content\/uploads\/2024\/07\/27-212x300.jpg 212w, https:\/\/114fit.com\/wp-content\/uploads\/2024\/07\/27-722x1024.jpg 722w, https:\/\/114fit.com\/wp-content\/uploads\/2024\/07\/27.jpg 1410w\" class=\"sp-image-block-g5yeva custom-preview-class\" style=\"width: 1410%;\"><\/span><\/div>\n<div id=\"sp-image-dynamic-tags-js-g5yeva\"><script>jQuery(function() { image_dynamic_tags('g5yeva' );});<\/script><\/div>\n<\/figure>\n<\/div>\n<div id=\"sp-gyksfz\" data-mobile-visibility=\"#sp-gyksfz|false\" data-tablet-visibility=\"#sp-gyksfz|false\" data-desktop-visibility=\"#sp-gyksfz|false\" data-mobile-css=\"\" data-tablet-css=\"\" class=\"sp-el-col  sp-w-full\" style=\"background-color: rgb(217, 142, 139); width: calc(50% + 0px); margin-top: 45px;\"><span href=\"\" target=\"\" rel=\"\" class=\"sp-header-block-link\" style=\"text-decoration: none;\"><\/p>\n<h2 id=\"sp-l4bust\" data-mobile-css=\".sp-headline-block-l4bust, #sp-l4bust, #l4bust|text-align:center;\" data-tablet-css=\".sp-headline-block-l4bust, #sp-l4bust, #l4bust|text-align:center;\" data-mobile-visibility=\".sp-headline-block-l4bust|false\" data-tablet-visibility=\".sp-headline-block-l4bust|false\" data-desktop-visibility=\".sp-headline-block-l4bust|false\" class=\"sp-css-target sp-el-block sp-headline-block-l4bust sp-type-header\" style=\"font-size: 46px; text-align: left; margin: 19px 0px 0px;\">ANTES DE NADA YA SABES QUE NECESITAMOS TU AUTORIZACI\u00d3N:<\/h2>\n<p><\/span><\/p>\n<div id=\"sp-urdgpa\" data-mobile-css=\".sp-text-wrapper-urdgpa, #sp-urdgpa, #urdgpa|text-align:left;\" data-tablet-css=\".sp-text-wrapper-urdgpa, #sp-urdgpa, #urdgpa|text-align:left;\" data-mobile-visibility=\".sp-text-wrapper-urdgpa|false\" data-tablet-visibility=\".sp-text-wrapper-urdgpa|false\" data-desktop-visibility=\".sp-text-wrapper-urdgpa|false\" class=\"sp-css-target sp-text-wrapper sp-el-block sp-text-wrapper-urdgpa\" style=\"margin: 5px 0px 0px; text-align: left;\">\n<p data-start=\"487\" data-end=\"554\"><strong data-start=\"487\" data-end=\"552\">Autorizaci\u00f3n para el tratamiento y cesi\u00f3n de datos personales<\/strong><\/p>\n<p data-start=\"560\" data-end=\"887\">Doy mi consentimiento expreso para que mis datos personales, incluidos los relativos a caracter\u00edsticas f\u00edsicas y medidas corporales, sean tratados por 114FIT&nbsp;con la finalidad de realizar un estudio corporal personalizado, seguimiento de resultados y ofrecer recomendaciones adecuadas a mi perfil.<\/p>\n<p data-start=\"893\" data-end=\"1145\">Asimismo, autorizo la cesi\u00f3n de estos datos, cuando sea necesario, a profesionales o entidades colaboradoras directamente relacionadas con dicho estudio, garantizando que en todo momento se mantendr\u00e1 la confidencialidad y seguridad de mi informaci\u00f3n.<\/p>\n<p data-start=\"1151\" data-end=\"1289\">Podr\u00e9 ejercer mis derechos de acceso, rectificaci\u00f3n, supresi\u00f3n, limitaci\u00f3n y oposici\u00f3n enviando una solicitud a info@114fit.com.<\/p>\n<\/div>\n<div id=\"sp-fo19a3\" data-mobile-css=\"\" data-tablet-css=\"\" data-mobile-visibility=\".sp-form-block-fo19a3|false\" data-tablet-visibility=\".sp-form-block-fo19a3|false\" data-desktop-visibility=\".sp-form-block-fo19a3|false\" class=\"sp-form-wrapper sp-el-block sp-has-form sp-form-block-fo19a3\" style=\"color: rgb(255, 255, 255); margin: 0px; text-align: left;\">\n<div>\n<div class=\"\">\n      <style id=\"wpforms-css-vars-67\">\n\t\t\t\t#wpforms-67 {\n\t\t\t\t--wpforms-container-padding: 0px;\n--wpforms-container-border-width: 1px;\n--wpforms-container-border-radius: 3px;\n--wpforms-background-color: rgba(0, 0, 0, 0);\n--wpforms-field-size-input-height: 43px;\n--wpforms-field-size-input-spacing: 15px;\n--wpforms-field-size-font-size: 16px;\n--wpforms-field-size-line-height: 19px;\n--wpforms-field-size-padding-h: 14px;\n--wpforms-field-size-checkbox-size: 16px;\n--wpforms-field-size-sublabel-spacing: 5px;\n--wpforms-field-size-icon-size: 1;\n--wpforms-label-size-font-size: 16px;\n--wpforms-label-size-line-height: 19px;\n--wpforms-label-size-sublabel-font-size: 14px;\n--wpforms-label-size-sublabel-line-height: 17px;\n--wpforms-button-size-font-size: 17px;\n--wpforms-button-size-height: 41px;\n--wpforms-button-size-padding-h: 15px;\n--wpforms-button-size-margin-top: 10px;\n--wpforms-container-shadow-size-box-shadow: none;\n\t\t\t}\n\t\t\t<\/style><div class=\"wpforms-container wpforms-container-full wpforms-render-modern\" id=\"wpforms-67\"><form id=\"wpforms-form-67\" class=\"wpforms-validate wpforms-form wpforms-ajax-form\" data-formid=\"67\" method=\"post\" enctype=\"multipart\/form-data\" action=\"\/index.php\/wp-json\/wp\/v2\/pages\/65\" data-token=\"6414a5218092f20b4adf2715833cf796\" data-token-time=\"1777742131\"><noscript class=\"wpforms-error-noscript\">Por favor, activa JavaScript en tu navegador para completar este formulario.<\/noscript><div id=\"wpforms-error-noscript\" style=\"display: none;\">Por favor, activa JavaScript en tu navegador para completar este formulario.<\/div><div class=\"wpforms-field-container\">\t\t<div id=\"wpforms-67-field_2-container\"\n\t\t\tclass=\"wpforms-field wpforms-field-text\"\n\t\t\tdata-field-type=\"text\"\n\t\t\tdata-field-id=\"2\"\n\t\t\t>\n\t\t\t<label class=\"wpforms-field-label\" for=\"wpforms-67-field_2\" >de gesti\u00f3n Autorizaci\u00f3n<\/label>\n\t\t\t<input type=\"text\" id=\"wpforms-67-field_2\" class=\"wpforms-field-medium\" name=\"wpforms[fields][2]\" >\n\t\t<\/div>\n\t\t<div id=\"wpforms-67-field_1-container\" class=\"wpforms-field wpforms-field-checkbox\" data-field-id=\"1\"><fieldset><legend class=\"wpforms-field-label\">Autorizaci\u00f3n gesti\u00f3n de datos <span class=\"wpforms-required-label\" aria-hidden=\"true\">*<\/span><\/legend><ul id=\"wpforms-67-field_1\" class=\"wpforms-field-required\"><li class=\"choice-1 depth-1\"><input type=\"checkbox\" id=\"wpforms-67-field_1_1\" name=\"wpforms[fields][1][]\" value=\"He le\u00eddo y acepto la Pol\u00edtica de Privacidad\" aria-errormessage=\"wpforms-67-field_1_1-error\" required ><label class=\"wpforms-field-label-inline\" for=\"wpforms-67-field_1_1\">He le\u00eddo y acepto la Pol\u00edtica de Privacidad<\/label><\/li><\/ul><\/fieldset><\/div><script>\n\t\t\t\t( function() {\n\t\t\t\t\tconst style = document.createElement( 'style' );\n\t\t\t\t\tstyle.appendChild( document.createTextNode( '#wpforms-67-field_2-container { position: absolute !important; overflow: hidden !important; display: inline !important; height: 1px !important; width: 1px !important; z-index: -1000 !important; padding: 0 !important; } #wpforms-67-field_2-container input { visibility: hidden; } #wpforms-conversational-form-page #wpforms-67-field_2-container label { counter-increment: none; }' ) );\n\t\t\t\t\tdocument.head.appendChild( style );\n\t\t\t\t\tdocument.currentScript?.remove();\n\t\t\t\t} )();\n\t\t\t<\/script><\/div><!-- .wpforms-field-container --><div class=\"wpforms-submit-container\" ><input type=\"hidden\" name=\"wpforms[id]\" value=\"67\"><input type=\"hidden\" name=\"page_title\" value=\"\"><input type=\"hidden\" name=\"page_url\" value=\"https:\/\/114fit.com\/index.php\/wp-json\/wp\/v2\/pages\/65\"><input type=\"hidden\" name=\"url_referer\" value=\"\"><button type=\"submit\" name=\"wpforms[submit]\" id=\"wpforms-submit-67\" class=\"wpforms-submit\" data-alt-text=\"Enviando...\" data-submit-text=\"Enviar\" aria-live=\"assertive\" value=\"wpforms-submit\">Enviar<\/button><img loading=\"lazy\" decoding=\"async\" src=\"https:\/\/114fit.com\/wp-content\/plugins\/wpforms-lite\/assets\/images\/submit-spin.svg\" class=\"wpforms-submit-spinner\" style=\"display: none;\" width=\"26\" height=\"26\" alt=\"Cargando\"><\/div><\/form><\/div>  <!-- .wpforms-container -->\n    <\/div>\n<\/div>\n<\/div>\n<p><span href=\"\" target=\"\" rel=\"\" class=\"sp-header-block-link\" style=\"text-decoration: none;\"><\/p>\n<h2 id=\"sp-siimf7\" data-mobile-css=\".sp-headline-block-siimf7, #sp-siimf7, #siimf7|text-align:center;\" data-tablet-css=\".sp-headline-block-siimf7, #sp-siimf7, #siimf7|text-align:center;\" data-mobile-visibility=\".sp-headline-block-siimf7|false\" data-tablet-visibility=\".sp-headline-block-siimf7|false\" data-desktop-visibility=\".sp-headline-block-siimf7|false\" class=\"sp-css-target sp-el-block sp-headline-block-siimf7 sp-type-header\" style=\"font-size: 46px; text-align: left; margin: 19px 0px 0px;\">Y YA estamos a un paso de empezar tu estudio corporal&#8230;<\/h2>\n<p><\/span><\/p>\n<div id=\"sp-v22edi\" data-mobile-css=\"#sp-v22edi|height:40px;\" data-tablet-css=\"#sp-v22edi|height:10px;\" class=\"sp-spacer\" style=\"height: 27px;\"><\/div>\n<\/div>\n<\/div>\n<\/section>\n<\/div>\n","protected":false},"excerpt":{"rendered":"<p>bienvenid@ a 114fit ANTES DE NADA YA SABES QUE NECESITAMOS TU AUTORIZACI\u00d3N: Autorizaci\u00f3n para el tratamiento y cesi\u00f3n de datos personales Doy mi consentimiento expreso para que mis datos personales, incluidos los relativos a caracter\u00edsticas f\u00edsicas y medidas corporales, sean tratados por 114FIT&nbsp;con la finalidad de realizar un estudio corporal personalizado, seguimiento de resultados y [&hellip;]<\/p>\n","protected":false},"author":1,"featured_media":0,"parent":0,"menu_order":0,"comment_status":"closed","ping_status":"closed","template":"","meta":{"om_disable_all_campaigns":false,"_monsterinsights_skip_tracking":false,"_monsterinsights_sitenote_active":false,"_monsterinsights_sitenote_note":"","_monsterinsights_sitenote_category":0,"footnotes":""},"class_list":["post-65","page","type-page","status-publish","hentry"],"aioseo_notices":[],"_links":{"self":[{"href":"https:\/\/114fit.com\/index.php\/wp-json\/wp\/v2\/pages\/65","targetHints":{"allow":["GET"]}}],"collection":[{"href":"https:\/\/114fit.com\/index.php\/wp-json\/wp\/v2\/pages"}],"about":[{"href":"https:\/\/114fit.com\/index.php\/wp-json\/wp\/v2\/types\/page"}],"author":[{"embeddable":true,"href":"https:\/\/114fit.com\/index.php\/wp-json\/wp\/v2\/users\/1"}],"replies":[{"embeddable":true,"href":"https:\/\/114fit.com\/index.php\/wp-json\/wp\/v2\/comments?post=65"}],"version-history":[{"count":14,"href":"https:\/\/114fit.com\/index.php\/wp-json\/wp\/v2\/pages\/65\/revisions"}],"predecessor-version":[{"id":85,"href":"https:\/\/114fit.com\/index.php\/wp-json\/wp\/v2\/pages\/65\/revisions\/85"}],"wp:attachment":[{"href":"https:\/\/114fit.com\/index.php\/wp-json\/wp\/v2\/media?parent=65"}],"curies":[{"name":"wp","href":"https:\/\/api.w.org\/{rel}","templated":true}]}}